{"id":1411,"date":"2015-03-10T11:47:55","date_gmt":"2015-03-10T11:47:55","guid":{"rendered":"http:\/\/rupaki.ibex.pl\/en\/rupaki\/"},"modified":"2026-03-14T23:11:00","modified_gmt":"2026-03-14T22:11:00","slug":"rupaki","status":"publish","type":"page","link":"https:\/\/www.rupaki.pl\/en\/","title":{"rendered":"Rupaki"},"content":{"rendered":"<p>Rupaki &#8211; dom spotka\u0144 z <a href=\"https:\/\/www.rupaki.pl\/en\/worth-seeing\/\">histori\u0105<\/a>.<\/p>\n<div class=\"c_slider\">\n    <div class=\"c_slider__items c_slider__items--big\">\n                    <div><img decoding=\"async\" src=\"https:\/\/www.rupaki.pl\/wp-content\/uploads\/2015\/03\/P4271690-960x640.jpg\" \/><\/div>\n                    <div><img decoding=\"async\" src=\"https:\/\/www.rupaki.pl\/wp-content\/uploads\/2022\/01\/dom_mroz-960x640.jpg\" \/><\/div>\n                    <div><img decoding=\"async\" src=\"https:\/\/www.rupaki.pl\/wp-content\/uploads\/2023\/02\/FpBxRpRWABMOxfm.jpg\" \/><\/div>\n                    <div><img decoding=\"async\" src=\"https:\/\/www.rupaki.pl\/wp-content\/uploads\/2015\/03\/stajnia-3-960x640.jpg\" \/><\/div>\n                    <div><img decoding=\"async\" src=\"https:\/\/www.rupaki.pl\/wp-content\/uploads\/2015\/03\/P9278318-960x640.jpg\" \/><\/div>\n                    <div><img decoding=\"async\" src=\"https:\/\/www.rupaki.pl\/wp-content\/uploads\/2015\/03\/P5134728-960x640.jpg\" \/><\/div>\n                    <div><img decoding=\"async\" src=\"https:\/\/www.rupaki.pl\/wp-content\/uploads\/2015\/03\/PB259289-e1429386741464-960x640.jpg\" \/><\/div>\n                    <div><img decoding=\"async\" src=\"https:\/\/www.rupaki.pl\/wp-content\/uploads\/2020\/03\/received_760717621071064-1-960x640.jpeg\" \/><\/div>\n                    <div><img decoding=\"async\" src=\"https:\/\/www.rupaki.pl\/wp-content\/uploads\/2015\/08\/slow-food-w-Sudetach-slow-food-na-Dolnym-\u015al\u0105sku-960x640.jpg\" \/><\/div>\n                    <div><img decoding=\"async\" src=\"https:\/\/www.rupaki.pl\/wp-content\/uploads\/2020\/03\/sie\u0144-828x640.jpg\" \/><\/div>\n                    <div><img decoding=\"async\" src=\"https:\/\/www.rupaki.pl\/wp-content\/uploads\/2015\/03\/wej\u015bcie-3-e1464194987407-960x640.jpg\" \/><\/div>\n                    <div><img decoding=\"async\" src=\"https:\/\/www.rupaki.pl\/wp-content\/uploads\/2015\/03\/jempowid\u0142a-960x640.jpg\" \/><\/div>\n            <\/div>\n            <div class=\"c_slider__items c_slider__items--thumb\">\n                            <div><img decoding=\"async\" src=\"https:\/\/www.rupaki.pl\/wp-content\/uploads\/2015\/03\/P4271690-120x80.jpg\" \/><\/div>\n                            <div><img decoding=\"async\" src=\"https:\/\/www.rupaki.pl\/wp-content\/uploads\/2022\/01\/dom_mroz-120x80.jpg\" \/><\/div>\n                            <div><img decoding=\"async\" src=\"https:\/\/www.rupaki.pl\/wp-content\/uploads\/2023\/02\/FpBxRpRWABMOxfm.jpg\" \/><\/div>\n                            <div><img decoding=\"async\" src=\"https:\/\/www.rupaki.pl\/wp-content\/uploads\/2015\/03\/stajnia-3-120x80.jpg\" \/><\/div>\n                            <div><img decoding=\"async\" src=\"https:\/\/www.rupaki.pl\/wp-content\/uploads\/2015\/03\/P9278318-120x80.jpg\" \/><\/div>\n                            <div><img decoding=\"async\" src=\"https:\/\/www.rupaki.pl\/wp-content\/uploads\/2015\/03\/P5134728-120x80.jpg\" \/><\/div>\n                            <div><img decoding=\"async\" src=\"https:\/\/www.rupaki.pl\/wp-content\/uploads\/2015\/03\/PB259289-e1429386741464-120x80.jpg\" \/><\/div>\n                            <div><img decoding=\"async\" src=\"https:\/\/www.rupaki.pl\/wp-content\/uploads\/2020\/03\/received_760717621071064-1-120x80.jpeg\" \/><\/div>\n                            <div><img decoding=\"async\" src=\"https:\/\/www.rupaki.pl\/wp-content\/uploads\/2015\/08\/slow-food-w-Sudetach-slow-food-na-Dolnym-\u015al\u0105sku-120x80.jpg\" \/><\/div>\n                            <div><img decoding=\"async\" src=\"https:\/\/www.rupaki.pl\/wp-content\/uploads\/2020\/03\/sie\u0144-120x80.jpg\" \/><\/div>\n                            <div><img decoding=\"async\" src=\"https:\/\/www.rupaki.pl\/wp-content\/uploads\/2015\/03\/wej\u015bcie-3-e1464194987407-120x80.jpg\" \/><\/div>\n                            <div><img decoding=\"async\" src=\"https:\/\/www.rupaki.pl\/wp-content\/uploads\/2015\/03\/jempowid\u0142a-120x80.jpg\" \/><\/div>\n                    <\/div>\n    <\/div>\n<p>&nbsp;<\/p>\n","protected":false},"excerpt":{"rendered":"<p>Rupaki &#8211; dom spotka\u0144 z histori\u0105. &nbsp;<\/p>\n","protected":false},"author":1,"featured_media":0,"parent":1407,"menu_order":0,"comment_status":"open","ping_status":"closed","template":"","meta":{"footnotes":""},"class_list":["post-1411","page","type-page","status-publish","hentry"],"yoast_head":"<!-- This site is optimized with the Yoast SEO plugin v23.3 - https:\/\/yoast.com\/wordpress\/plugins\/seo\/ -->\n<title>Rupaki - dom spotka\u0144 z histori\u0105. Pensjonat B&amp;B w dobrym stylu.<\/title>\n<meta name=\"description\" content=\"Rupaki prawdziwe miejsce. Pensjonat w Sudetach. Dom spotka\u0144 z histori\u0105. Agroturystyka Dolny \u015al\u0105sk. B&amp;B w Sudetach. Noclegi w g\u00f3rach.\" \/>\n<meta name=\"robots\" content=\"index, follow, max-snippet:-1, max-image-preview:large, max-video-preview:-1\" \/>\n<link rel=\"canonical\" href=\"https:\/\/www.rupaki.pl\/en\/\" \/>\n<meta property=\"og:locale\" content=\"en_US\" \/>\n<meta property=\"og:type\" content=\"article\" \/>\n<meta property=\"og:title\" content=\"Rupaki - dom spotka\u0144 z histori\u0105. Pensjonat B&amp;B w dobrym stylu.\" \/>\n<meta property=\"og:description\" content=\"Rupaki prawdziwe miejsce. Pensjonat w Sudetach. Dom spotka\u0144 z histori\u0105. Agroturystyka Dolny \u015al\u0105sk. B&amp;B w Sudetach. Noclegi w g\u00f3rach.\" \/>\n<meta property=\"og:url\" content=\"https:\/\/www.rupaki.pl\/en\/\" \/>\n<meta property=\"og:site_name\" content=\"pensjonat rupaki\" \/>\n<meta property=\"article:modified_time\" content=\"2026-03-14T22:11:00+00:00\" \/>\n<meta property=\"og:image\" content=\"https:\/\/www.rupaki.pl\/wp-content\/uploads\/2015\/03\/P4271690-960x640.jpg\" \/>\n<meta name=\"twitter:card\" content=\"summary_large_image\" \/>\n<meta name=\"twitter:label1\" content=\"Est. reading time\" \/>\n\t<meta name=\"twitter:data1\" content=\"1 minute\" \/>\n<script type=\"application\/ld+json\" class=\"yoast-schema-graph\">{\"@context\":\"https:\/\/schema.org\",\"@graph\":[{\"@type\":\"WebPage\",\"@id\":\"https:\/\/www.rupaki.pl\/en\/\",\"url\":\"https:\/\/www.rupaki.pl\/en\/\",\"name\":\"Rupaki - dom spotka\u0144 z histori\u0105. Pensjonat B&B w dobrym stylu.\",\"isPartOf\":{\"@id\":\"https:\/\/www.rupaki.pl\/#website\"},\"datePublished\":\"2015-03-10T11:47:55+00:00\",\"dateModified\":\"2026-03-14T22:11:00+00:00\",\"description\":\"Rupaki prawdziwe miejsce. Pensjonat w Sudetach. Dom spotka\u0144 z histori\u0105. Agroturystyka Dolny \u015al\u0105sk. B&B w Sudetach. Noclegi w g\u00f3rach.\",\"breadcrumb\":{\"@id\":\"https:\/\/www.rupaki.pl\/en\/#breadcrumb\"},\"inLanguage\":\"en-US\",\"potentialAction\":[{\"@type\":\"ReadAction\",\"target\":[\"https:\/\/www.rupaki.pl\/en\/\"]}]},{\"@type\":\"BreadcrumbList\",\"@id\":\"https:\/\/www.rupaki.pl\/en\/#breadcrumb\",\"itemListElement\":[{\"@type\":\"ListItem\",\"position\":1,\"name\":\"Strona g\u0142\u00f3wna\",\"item\":\"https:\/\/www.rupaki.pl\/en\/\"},{\"@type\":\"ListItem\",\"position\":2,\"name\":\"our house\",\"item\":\"https:\/\/www.rupaki.eu\/our-house\/\"},{\"@type\":\"ListItem\",\"position\":3,\"name\":\"Rupaki\"}]},{\"@type\":\"WebSite\",\"@id\":\"https:\/\/www.rupaki.pl\/#website\",\"url\":\"https:\/\/www.rupaki.pl\/\",\"name\":\"pensjonat rupaki\",\"description\":\"Aktywny wypoczynek w Sudetach.\",\"potentialAction\":[{\"@type\":\"SearchAction\",\"target\":{\"@type\":\"EntryPoint\",\"urlTemplate\":\"https:\/\/www.rupaki.pl\/?s={search_term_string}\"},\"query-input\":\"required name=search_term_string\"}],\"inLanguage\":\"en-US\"}]}<\/script>\n<!-- \/ Yoast SEO plugin. -->","yoast_head_json":{"title":"Rupaki - dom spotka\u0144 z histori\u0105. Pensjonat B&B w dobrym stylu.","description":"Rupaki prawdziwe miejsce. Pensjonat w Sudetach. Dom spotka\u0144 z histori\u0105. Agroturystyka Dolny \u015al\u0105sk. B&B w Sudetach. Noclegi w g\u00f3rach.","robots":{"index":"index","follow":"follow","max-snippet":"max-snippet:-1","max-image-preview":"max-image-preview:large","max-video-preview":"max-video-preview:-1"},"canonical":"https:\/\/www.rupaki.pl\/en\/","og_locale":"en_US","og_type":"article","og_title":"Rupaki - dom spotka\u0144 z histori\u0105. Pensjonat B&B w dobrym stylu.","og_description":"Rupaki prawdziwe miejsce. Pensjonat w Sudetach. Dom spotka\u0144 z histori\u0105. Agroturystyka Dolny \u015al\u0105sk. B&B w Sudetach. Noclegi w g\u00f3rach.","og_url":"https:\/\/www.rupaki.pl\/en\/","og_site_name":"pensjonat rupaki","article_modified_time":"2026-03-14T22:11:00+00:00","og_image":[{"url":"https:\/\/www.rupaki.pl\/wp-content\/uploads\/2015\/03\/P4271690-960x640.jpg"}],"twitter_card":"summary_large_image","twitter_misc":{"Est. reading time":"1 minute"},"schema":{"@context":"https:\/\/schema.org","@graph":[{"@type":"WebPage","@id":"https:\/\/www.rupaki.pl\/en\/","url":"https:\/\/www.rupaki.pl\/en\/","name":"Rupaki - dom spotka\u0144 z histori\u0105. Pensjonat B&B w dobrym stylu.","isPartOf":{"@id":"https:\/\/www.rupaki.pl\/#website"},"datePublished":"2015-03-10T11:47:55+00:00","dateModified":"2026-03-14T22:11:00+00:00","description":"Rupaki prawdziwe miejsce. Pensjonat w Sudetach. Dom spotka\u0144 z histori\u0105. Agroturystyka Dolny \u015al\u0105sk. B&B w Sudetach. Noclegi w g\u00f3rach.","breadcrumb":{"@id":"https:\/\/www.rupaki.pl\/en\/#breadcrumb"},"inLanguage":"en-US","potentialAction":[{"@type":"ReadAction","target":["https:\/\/www.rupaki.pl\/en\/"]}]},{"@type":"BreadcrumbList","@id":"https:\/\/www.rupaki.pl\/en\/#breadcrumb","itemListElement":[{"@type":"ListItem","position":1,"name":"Strona g\u0142\u00f3wna","item":"https:\/\/www.rupaki.pl\/en\/"},{"@type":"ListItem","position":2,"name":"our house","item":"https:\/\/www.rupaki.eu\/our-house\/"},{"@type":"ListItem","position":3,"name":"Rupaki"}]},{"@type":"WebSite","@id":"https:\/\/www.rupaki.pl\/#website","url":"https:\/\/www.rupaki.pl\/","name":"pensjonat rupaki","description":"Aktywny wypoczynek w Sudetach.","potentialAction":[{"@type":"SearchAction","target":{"@type":"EntryPoint","urlTemplate":"https:\/\/www.rupaki.pl\/?s={search_term_string}"},"query-input":"required name=search_term_string"}],"inLanguage":"en-US"}]}},"_links":{"self":[{"href":"https:\/\/www.rupaki.pl\/en\/wp-json\/wp\/v2\/pages\/1411"}],"collection":[{"href":"https:\/\/www.rupaki.pl\/en\/wp-json\/wp\/v2\/pages"}],"about":[{"href":"https:\/\/www.rupaki.pl\/en\/wp-json\/wp\/v2\/types\/page"}],"author":[{"embeddable":true,"href":"https:\/\/www.rupaki.pl\/en\/wp-json\/wp\/v2\/users\/1"}],"replies":[{"embeddable":true,"href":"https:\/\/www.rupaki.pl\/en\/wp-json\/wp\/v2\/comments?post=1411"}],"version-history":[{"count":35,"href":"https:\/\/www.rupaki.pl\/en\/wp-json\/wp\/v2\/pages\/1411\/revisions"}],"predecessor-version":[{"id":2795,"href":"https:\/\/www.rupaki.pl\/en\/wp-json\/wp\/v2\/pages\/1411\/revisions\/2795"}],"up":[{"embeddable":true,"href":"https:\/\/www.rupaki.pl\/en\/wp-json\/wp\/v2\/pages\/1407"}],"wp:attachment":[{"href":"https:\/\/www.rupaki.pl\/en\/wp-json\/wp\/v2\/media?parent=1411"}],"curies":[{"name":"wp","href":"https:\/\/api.w.org\/{rel}","templated":true}]}}