{"id":1410,"date":"2015-03-10T11:48:18","date_gmt":"2015-03-10T11:48:18","guid":{"rendered":"http:\/\/rupaki.ibex.pl\/en\/pokoje\/"},"modified":"2020-01-07T15:24:00","modified_gmt":"2020-01-07T14:24:00","slug":"rooms","status":"publish","type":"page","link":"https:\/\/www.rupaki.pl\/en\/rooms\/","title":{"rendered":"rooms"},"content":{"rendered":"<p>W naszych pokojach nie ma telewizor\u00f3w i nigdy nie b\u0119dzie. Za to w ka\u017cdym jest du\u017co gliny w odrestaurowanej konstrukcji ryglowej, czasem troch\u0119 ods\u0142oni\u0119tej starej ceg\u0142y i piaskowca. Starali\u015bmy si\u0119 u\u017cywa\u0107 jak najwi\u0119cej tradycyjnych materia\u0142\u00f3w, tak by po\u0142\u0105czy\u0107 funkcjonalno\u015b\u0107 z klimatem domu. Oczywi\u015bcie w ka\u017cdym pokoju jest \u0142azienka z prysznicem, umywalk\u0105 i wc. Jeste\u015bmy kameralnym pensjonatem. Naszym go\u015bciom oferujemy 4 pokoje (\u0142\u0105cznie 11 miejsc noclegowych + 2 \u0142\u00f3\u017ceczka dla dzieci). Podpowiemy gdzie warto pojecha\u0107 i co zobaczy\u0107 na Pog\u00f3rzu Kaczawskim i dalej.<\/p>\n<p>&nbsp;<\/p>\n<p>&nbsp;<\/p>\n<p>&nbsp;<\/p>\n","protected":false},"excerpt":{"rendered":"<p>W naszych pokojach nie ma telewizor\u00f3w i nigdy nie b\u0119dzie. Za to w ka\u017cdym jest du\u017co gliny w odrestaurowanej konstrukcji ryglowej, czasem troch\u0119 ods\u0142oni\u0119tej starej ceg\u0142y i piaskowca. Starali\u015bmy si\u0119 u\u017cywa\u0107 jak najwi\u0119cej tradycyjnych materia\u0142\u00f3w, tak by po\u0142\u0105czy\u0107 funkcjonalno\u015b\u0107 z klimatem domu. Oczywi\u015bcie w ka\u017cdym pokoju jest \u0142azienka z prysznicem, umywalk\u0105 i wc. Jeste\u015bmy kameralnym [&hellip;]<\/p>\n","protected":false},"author":1,"featured_media":0,"parent":0,"menu_order":0,"comment_status":"open","ping_status":"open","template":"","meta":{"footnotes":""},"class_list":["post-1410","page","type-page","status-publish","hentry"],"yoast_head":"<!-- This site is optimized with the Yoast SEO plugin v23.3 - https:\/\/yoast.com\/wordpress\/plugins\/seo\/ -->\n<title>rooms - pensjonat rupaki<\/title>\n<meta name=\"robots\" content=\"index, follow, max-snippet:-1, max-image-preview:large, max-video-preview:-1\" \/>\n<link rel=\"canonical\" href=\"https:\/\/www.rupaki.eu\/rooms\/\" \/>\n<meta property=\"og:locale\" content=\"en_US\" \/>\n<meta property=\"og:type\" content=\"article\" \/>\n<meta property=\"og:title\" content=\"rooms - pensjonat rupaki\" \/>\n<meta property=\"og:description\" content=\"W naszych pokojach nie ma telewizor\u00f3w i nigdy nie b\u0119dzie. Za to w ka\u017cdym jest du\u017co gliny w odrestaurowanej konstrukcji ryglowej, czasem troch\u0119 ods\u0142oni\u0119tej starej ceg\u0142y i piaskowca. Starali\u015bmy si\u0119 u\u017cywa\u0107 jak najwi\u0119cej tradycyjnych materia\u0142\u00f3w, tak by po\u0142\u0105czy\u0107 funkcjonalno\u015b\u0107 z klimatem domu. Oczywi\u015bcie w ka\u017cdym pokoju jest \u0142azienka z prysznicem, umywalk\u0105 i wc. Jeste\u015bmy kameralnym [&hellip;]\" \/>\n<meta property=\"og:url\" content=\"https:\/\/www.rupaki.eu\/rooms\/\" \/>\n<meta property=\"og:site_name\" content=\"pensjonat rupaki\" \/>\n<meta property=\"article:modified_time\" content=\"2020-01-07T14:24:00+00:00\" \/>\n<meta name=\"twitter:card\" content=\"summary_large_image\" \/>\n<script type=\"application\/ld+json\" class=\"yoast-schema-graph\">{\"@context\":\"https:\/\/schema.org\",\"@graph\":[{\"@type\":\"WebPage\",\"@id\":\"https:\/\/www.rupaki.eu\/rooms\/\",\"url\":\"https:\/\/www.rupaki.eu\/rooms\/\",\"name\":\"rooms - pensjonat rupaki\",\"isPartOf\":{\"@id\":\"https:\/\/www.rupaki.pl\/#website\"},\"datePublished\":\"2015-03-10T11:48:18+00:00\",\"dateModified\":\"2020-01-07T14:24:00+00:00\",\"breadcrumb\":{\"@id\":\"https:\/\/www.rupaki.eu\/rooms\/#breadcrumb\"},\"inLanguage\":\"en-US\",\"potentialAction\":[{\"@type\":\"ReadAction\",\"target\":[\"https:\/\/www.rupaki.eu\/rooms\/\"]}]},{\"@type\":\"BreadcrumbList\",\"@id\":\"https:\/\/www.rupaki.eu\/rooms\/#breadcrumb\",\"itemListElement\":[{\"@type\":\"ListItem\",\"position\":1,\"name\":\"Strona g\u0142\u00f3wna\",\"item\":\"https:\/\/www.rupaki.pl\/en\/\"},{\"@type\":\"ListItem\",\"position\":2,\"name\":\"rooms\"}]},{\"@type\":\"WebSite\",\"@id\":\"https:\/\/www.rupaki.pl\/#website\",\"url\":\"https:\/\/www.rupaki.pl\/\",\"name\":\"pensjonat rupaki\",\"description\":\"Aktywny wypoczynek w Sudetach.\",\"potentialAction\":[{\"@type\":\"SearchAction\",\"target\":{\"@type\":\"EntryPoint\",\"urlTemplate\":\"https:\/\/www.rupaki.pl\/?s={search_term_string}\"},\"query-input\":\"required name=search_term_string\"}],\"inLanguage\":\"en-US\"}]}<\/script>\n<!-- \/ Yoast SEO plugin. -->","yoast_head_json":{"title":"rooms - pensjonat rupaki","robots":{"index":"index","follow":"follow","max-snippet":"max-snippet:-1","max-image-preview":"max-image-preview:large","max-video-preview":"max-video-preview:-1"},"canonical":"https:\/\/www.rupaki.eu\/rooms\/","og_locale":"en_US","og_type":"article","og_title":"rooms - pensjonat rupaki","og_description":"W naszych pokojach nie ma telewizor\u00f3w i nigdy nie b\u0119dzie. Za to w ka\u017cdym jest du\u017co gliny w odrestaurowanej konstrukcji ryglowej, czasem troch\u0119 ods\u0142oni\u0119tej starej ceg\u0142y i piaskowca. Starali\u015bmy si\u0119 u\u017cywa\u0107 jak najwi\u0119cej tradycyjnych materia\u0142\u00f3w, tak by po\u0142\u0105czy\u0107 funkcjonalno\u015b\u0107 z klimatem domu. Oczywi\u015bcie w ka\u017cdym pokoju jest \u0142azienka z prysznicem, umywalk\u0105 i wc. Jeste\u015bmy kameralnym [&hellip;]","og_url":"https:\/\/www.rupaki.eu\/rooms\/","og_site_name":"pensjonat rupaki","article_modified_time":"2020-01-07T14:24:00+00:00","twitter_card":"summary_large_image","schema":{"@context":"https:\/\/schema.org","@graph":[{"@type":"WebPage","@id":"https:\/\/www.rupaki.eu\/rooms\/","url":"https:\/\/www.rupaki.eu\/rooms\/","name":"rooms - pensjonat rupaki","isPartOf":{"@id":"https:\/\/www.rupaki.pl\/#website"},"datePublished":"2015-03-10T11:48:18+00:00","dateModified":"2020-01-07T14:24:00+00:00","breadcrumb":{"@id":"https:\/\/www.rupaki.eu\/rooms\/#breadcrumb"},"inLanguage":"en-US","potentialAction":[{"@type":"ReadAction","target":["https:\/\/www.rupaki.eu\/rooms\/"]}]},{"@type":"BreadcrumbList","@id":"https:\/\/www.rupaki.eu\/rooms\/#breadcrumb","itemListElement":[{"@type":"ListItem","position":1,"name":"Strona g\u0142\u00f3wna","item":"https:\/\/www.rupaki.pl\/en\/"},{"@type":"ListItem","position":2,"name":"rooms"}]},{"@type":"WebSite","@id":"https:\/\/www.rupaki.pl\/#website","url":"https:\/\/www.rupaki.pl\/","name":"pensjonat rupaki","description":"Aktywny wypoczynek w Sudetach.","potentialAction":[{"@type":"SearchAction","target":{"@type":"EntryPoint","urlTemplate":"https:\/\/www.rupaki.pl\/?s={search_term_string}"},"query-input":"required name=search_term_string"}],"inLanguage":"en-US"}]}},"_links":{"self":[{"href":"https:\/\/www.rupaki.pl\/en\/wp-json\/wp\/v2\/pages\/1410"}],"collection":[{"href":"https:\/\/www.rupaki.pl\/en\/wp-json\/wp\/v2\/pages"}],"about":[{"href":"https:\/\/www.rupaki.pl\/en\/wp-json\/wp\/v2\/types\/page"}],"author":[{"embeddable":true,"href":"https:\/\/www.rupaki.pl\/en\/wp-json\/wp\/v2\/users\/1"}],"replies":[{"embeddable":true,"href":"https:\/\/www.rupaki.pl\/en\/wp-json\/wp\/v2\/comments?post=1410"}],"version-history":[{"count":1,"href":"https:\/\/www.rupaki.pl\/en\/wp-json\/wp\/v2\/pages\/1410\/revisions"}],"predecessor-version":[{"id":1594,"href":"https:\/\/www.rupaki.pl\/en\/wp-json\/wp\/v2\/pages\/1410\/revisions\/1594"}],"wp:attachment":[{"href":"https:\/\/www.rupaki.pl\/en\/wp-json\/wp\/v2\/media?parent=1410"}],"curies":[{"name":"wp","href":"https:\/\/api.w.org\/{rel}","templated":true}]}}