{"id":1407,"date":"2015-03-22T10:16:07","date_gmt":"2015-03-22T09:16:07","guid":{"rendered":"http:\/\/rupaki.ibex.pl\/en\/nasz-dom\/"},"modified":"2015-10-05T13:32:21","modified_gmt":"2015-10-05T11:32:21","slug":"our-house","status":"publish","type":"page","link":"https:\/\/www.rupaki.pl\/en\/our-house\/","title":{"rendered":"our house"},"content":{"rendered":"<p>Dom mia\u0142 ponad 200 lat i w\u0142a\u015bnie na taki wygl\u0105da\u0142. Nie zakochali\u015bmy si\u0119 w nim od razu ale zachwyci\u0142y detale piaskowcowe portale i kolumny, modrzewiowe stropy, fragmenty szachulca wystaj\u0105ce tu i \u00f3wdzie spod tynku. Potem by\u0142 wielki, pierwszy od wojny remont, w trakcie kt\u00f3rego wszystkiego musieli\u015bmy nauczy\u0107 si\u0119 sami \u2013 gliny, drewna i kamienia.<\/p>\n<p>Zadbali\u015bmy by materia\u0142y u\u017cyte do ratowania domu by\u0142y jak najbardziej zbli\u017cone do tych sprzed ponad dw\u00f3ch wiek\u00f3w. Drewno do napraw i rekonstrukcji pochodzi z rozbi\u00f3rki r\u00f3wie\u015bnik\u00f3w naszego domu, kt\u00f3rzy nie mieli tyle szcz\u0119\u015bcia co on. Piaskowiec jest z okolicznych kamienio\u0142om\u00f3w. Za to specjalna mieszanka gliniana do szachulca przyjecha\u0142a z Niemiec.<\/p>\n<div id='gallery-1' class='gallery galleryid-1407 gallery-columns-2 gallery-size-medium'><figure class='gallery-item'>\n\t\t\t<div class='gallery-icon landscape'>\n\t\t\t\t<a href='https:\/\/www.rupaki.pl\/wp-content\/uploads\/2015\/03\/P1000175.jpg'><img loading=\"lazy\" decoding=\"async\" width=\"600\" height=\"450\" src=\"https:\/\/www.rupaki.pl\/wp-content\/uploads\/2015\/03\/P1000175-600x450.jpg\" class=\"attachment-medium size-medium\" alt=\"\" aria-describedby=\"gallery-1-971\" srcset=\"https:\/\/www.rupaki.pl\/wp-content\/uploads\/2015\/03\/P1000175-600x450.jpg 600w, https:\/\/www.rupaki.pl\/wp-content\/uploads\/2015\/03\/P1000175-400x300.jpg 400w, https:\/\/www.rupaki.pl\/wp-content\/uploads\/2015\/03\/P1000175.jpg 1200w\" sizes=\"(max-width: 600px) 100vw, 600px\" \/><\/a>\n\t\t\t<\/div>\n\t\t\t\t<figcaption class='wp-caption-text gallery-caption' id='gallery-1-971'>\n\t\t\t\tdom przed zakupem\n\t\t\t\t<\/figcaption><\/figure><figure class='gallery-item'>\n\t\t\t<div class='gallery-icon landscape'>\n\t\t\t\t<a href='https:\/\/www.rupaki.pl\/wp-content\/uploads\/2015\/03\/PB259288.jpg'><img loading=\"lazy\" decoding=\"async\" width=\"600\" height=\"450\" src=\"https:\/\/www.rupaki.pl\/wp-content\/uploads\/2015\/03\/PB259288-600x450.jpg\" class=\"attachment-medium size-medium\" alt=\"\" aria-describedby=\"gallery-1-977\" srcset=\"https:\/\/www.rupaki.pl\/wp-content\/uploads\/2015\/03\/PB259288-600x450.jpg 600w, https:\/\/www.rupaki.pl\/wp-content\/uploads\/2015\/03\/PB259288-400x300.jpg 400w, https:\/\/www.rupaki.pl\/wp-content\/uploads\/2015\/03\/PB259288.jpg 1280w\" sizes=\"(max-width: 600px) 100vw, 600px\" \/><\/a>\n\t\t\t<\/div>\n\t\t\t\t<figcaption class='wp-caption-text gallery-caption' id='gallery-1-977'>\n\t\t\t\ttak Rupaki wygl\u0105daj\u0105 teraz\n\t\t\t\t<\/figcaption><\/figure>\n\t\t<\/div>\n\n<p>Mieszkamy w Kondratowie w samym sercu Parku Krajobrazowego Che\u0142my na Pog\u00f3rzu Kaczawskim. To tak\u017ce obszar chroniony w ramach programu Natura 2000. Wiosn\u0105 na nasz\u0105 \u0142\u0105k\u0119 od lat przylatuje para \u017curawi, sarny i jelenie to normalny widok. W okolicznych w\u0105wozach mo\u017cna obserwowa\u0107 salamandry i oczywi\u015bcie specjalno\u015b\u0107 naszych okolic &#8211; muflony.<\/p>\n<p>Nasz region to tak\u017ce Kraina Wygas\u0142ych Wulkan\u00f3w. Najbli\u017cszy mamy za oknem, nieco dalej s\u0105 ju\u017c te bardziej znane &#8211; Czartowska Ska\u0142a, Organy Wielis\u0142awskie czy Ostrzyca.<br \/>\nSudety to tak\u017ce skarbnica zabytk\u00f3w. Pa\u0142ace i zamki, roma\u0144skie ko\u015bci\u00f3\u0142ki i barokowe klasztory. I oczywi\u015bcie wojenne tajemnice, z\u0142oty poci\u0105g w co drugiej wiosce i zaginiony &#8220;Portret m\u0142odzie\u0144ca&#8221; Rafaela w co trzeciej \ud83d\ude42<\/p>\n<p>O najciekawszych miejscach mog\u0105 Pa\u0144stwo przeczyta\u0107 w zak\u0142adce &#8220;warto zobaczy\u0107&#8221;. Na pewno ka\u017cdy znajdzie tu co\u015b dla siebie. Tak jak my przed paroma laty.<\/p>\n<p>Zapraszamy wi\u0119c do Rupak\u00f3w.\u00a0 To nie anonimowy hotel z recepcj\u0105 do kt\u00f3rego mo\u017cna wraca\u0107 nad ranem i nikomu to nie wadzi. To tylko kilka pokoi, kameralnie i domowo. I Go\u015bci prosimy o uszanowanie domowej atmosfery. W zamian zapewniamy, \u017ce nie traficie Pa\u0144stwo u nas na firmow\u0105 imprez\u0119 integracyjn\u0105 czy huczne chrzciny.<\/p>\n<div id='gallery-2' class='gallery galleryid-1407 gallery-columns-2 gallery-size-large'><figure class='gallery-item'>\n\t\t\t<div class='gallery-icon landscape'>\n\t\t\t\t<a href='https:\/\/www.rupaki.pl\/wp-content\/uploads\/2015\/03\/dom_i.jpg'><img loading=\"lazy\" decoding=\"async\" width=\"854\" height=\"672\" src=\"https:\/\/www.rupaki.pl\/wp-content\/uploads\/2015\/03\/dom_i.jpg\" class=\"attachment-large size-large\" alt=\"\" srcset=\"https:\/\/www.rupaki.pl\/wp-content\/uploads\/2015\/03\/dom_i.jpg 854w, https:\/\/www.rupaki.pl\/wp-content\/uploads\/2015\/03\/dom_i-600x472.jpg 600w\" sizes=\"(max-width: 854px) 100vw, 854px\" \/><\/a>\n\t\t\t<\/div><\/figure><figure class='gallery-item'>\n\t\t\t<div class='gallery-icon landscape'>\n\t\t\t\t<a href='https:\/\/www.rupaki.pl\/wp-content\/uploads\/2015\/03\/P71937561.jpg'><img loading=\"lazy\" decoding=\"async\" width=\"1024\" height=\"768\" src=\"https:\/\/www.rupaki.pl\/wp-content\/uploads\/2015\/03\/P71937561.jpg\" class=\"attachment-large size-large\" alt=\"\" srcset=\"https:\/\/www.rupaki.pl\/wp-content\/uploads\/2015\/03\/P71937561.jpg 1280w, https:\/\/www.rupaki.pl\/wp-content\/uploads\/2015\/03\/P71937561-600x450.jpg 600w, https:\/\/www.rupaki.pl\/wp-content\/uploads\/2015\/03\/P71937561-400x300.jpg 400w\" sizes=\"(max-width: 1024px) 100vw, 1024px\" \/><\/a>\n\t\t\t<\/div><\/figure><figure class='gallery-item'>\n\t\t\t<div class='gallery-icon landscape'>\n\t\t\t\t<a href='https:\/\/www.rupaki.pl\/wp-content\/uploads\/2015\/03\/P71836531.jpg'><img loading=\"lazy\" decoding=\"async\" width=\"1024\" height=\"768\" src=\"https:\/\/www.rupaki.pl\/wp-content\/uploads\/2015\/03\/P71836531.jpg\" class=\"attachment-large size-large\" alt=\"\" srcset=\"https:\/\/www.rupaki.pl\/wp-content\/uploads\/2015\/03\/P71836531.jpg 1280w, https:\/\/www.rupaki.pl\/wp-content\/uploads\/2015\/03\/P71836531-600x450.jpg 600w, https:\/\/www.rupaki.pl\/wp-content\/uploads\/2015\/03\/P71836531-400x300.jpg 400w\" sizes=\"(max-width: 1024px) 100vw, 1024px\" \/><\/a>\n\t\t\t<\/div><\/figure><figure class='gallery-item'>\n\t\t\t<div class='gallery-icon landscape'>\n\t\t\t\t<a href='https:\/\/www.rupaki.pl\/wp-content\/uploads\/2015\/03\/P6253077.jpg'><img loading=\"lazy\" decoding=\"async\" width=\"1024\" height=\"768\" src=\"https:\/\/www.rupaki.pl\/wp-content\/uploads\/2015\/03\/P6253077.jpg\" class=\"attachment-large size-large\" alt=\"\" srcset=\"https:\/\/www.rupaki.pl\/wp-content\/uploads\/2015\/03\/P6253077.jpg 1280w, https:\/\/www.rupaki.pl\/wp-content\/uploads\/2015\/03\/P6253077-600x450.jpg 600w, https:\/\/www.rupaki.pl\/wp-content\/uploads\/2015\/03\/P6253077-400x300.jpg 400w\" sizes=\"(max-width: 1024px) 100vw, 1024px\" \/><\/a>\n\t\t\t<\/div><\/figure><figure class='gallery-item'>\n\t\t\t<div class='gallery-icon portrait'>\n\t\t\t\t<a href='https:\/\/www.rupaki.pl\/wp-content\/uploads\/2015\/03\/PB2592891-e1441831693893.jpg'><img loading=\"lazy\" decoding=\"async\" width=\"768\" height=\"1024\" src=\"https:\/\/www.rupaki.pl\/wp-content\/uploads\/2015\/03\/PB2592891-e1441831693893.jpg\" class=\"attachment-large size-large\" alt=\"\" srcset=\"https:\/\/www.rupaki.pl\/wp-content\/uploads\/2015\/03\/PB2592891-e1441831693893.jpg 960w, https:\/\/www.rupaki.pl\/wp-content\/uploads\/2015\/03\/PB2592891-e1441831693893-450x600.jpg 450w\" sizes=\"(max-width: 768px) 100vw, 768px\" \/><\/a>\n\t\t\t<\/div><\/figure><figure class='gallery-item'>\n\t\t\t<div class='gallery-icon portrait'>\n\t\t\t\t<a href='https:\/\/www.rupaki.pl\/wp-content\/uploads\/2015\/03\/P5102193-e1441831725506.jpg'><img loading=\"lazy\" decoding=\"async\" width=\"768\" height=\"1024\" src=\"https:\/\/www.rupaki.pl\/wp-content\/uploads\/2015\/03\/P5102193-e1441831725506.jpg\" class=\"attachment-large size-large\" alt=\"\" srcset=\"https:\/\/www.rupaki.pl\/wp-content\/uploads\/2015\/03\/P5102193-e1441831725506.jpg 960w, https:\/\/www.rupaki.pl\/wp-content\/uploads\/2015\/03\/P5102193-e1441831725506-450x600.jpg 450w\" sizes=\"(max-width: 768px) 100vw, 768px\" \/><\/a>\n\t\t\t<\/div><\/figure>\n\t\t<\/div>\n\n","protected":false},"excerpt":{"rendered":"<p>Dom mia\u0142 ponad 200 lat i w\u0142a\u015bnie na taki wygl\u0105da\u0142. Nie zakochali\u015bmy si\u0119 w nim od razu ale zachwyci\u0142y detale piaskowcowe portale i kolumny, modrzewiowe stropy, fragmenty szachulca wystaj\u0105ce tu i \u00f3wdzie spod tynku. Potem by\u0142 wielki, pierwszy od wojny remont, w trakcie kt\u00f3rego wszystkiego musieli\u015bmy nauczy\u0107 si\u0119 sami \u2013 gliny, drewna i kamienia. Zadbali\u015bmy [&hellip;]<\/p>\n","protected":false},"author":2,"featured_media":979,"parent":0,"menu_order":0,"comment_status":"open","ping_status":"closed","template":"","meta":{"footnotes":""},"class_list":["post-1407","page","type-page","status-publish","has-post-thumbnail","hentry"],"yoast_head":"<!-- This site is optimized with the Yoast SEO plugin v23.3 - https:\/\/yoast.com\/wordpress\/plugins\/seo\/ -->\n<title>our house - pensjonat rupaki<\/title>\n<meta name=\"robots\" content=\"index, follow, max-snippet:-1, max-image-preview:large, max-video-preview:-1\" \/>\n<link rel=\"canonical\" href=\"https:\/\/www.rupaki.eu\/our-house\/\" \/>\n<meta property=\"og:locale\" content=\"en_US\" \/>\n<meta property=\"og:type\" content=\"article\" \/>\n<meta property=\"og:title\" content=\"our house - pensjonat rupaki\" \/>\n<meta property=\"og:description\" content=\"Dom mia\u0142 ponad 200 lat i w\u0142a\u015bnie na taki wygl\u0105da\u0142. Nie zakochali\u015bmy si\u0119 w nim od razu ale zachwyci\u0142y detale piaskowcowe portale i kolumny, modrzewiowe stropy, fragmenty szachulca wystaj\u0105ce tu i \u00f3wdzie spod tynku. Potem by\u0142 wielki, pierwszy od wojny remont, w trakcie kt\u00f3rego wszystkiego musieli\u015bmy nauczy\u0107 si\u0119 sami \u2013 gliny, drewna i kamienia. Zadbali\u015bmy [&hellip;]\" \/>\n<meta property=\"og:url\" content=\"https:\/\/www.rupaki.eu\/our-house\/\" \/>\n<meta property=\"og:site_name\" content=\"pensjonat rupaki\" \/>\n<meta property=\"article:modified_time\" content=\"2015-10-05T11:32:21+00:00\" \/>\n<meta property=\"og:image\" content=\"https:\/\/www.rupaki.eu\/wp-content\/uploads\/2015\/03\/PB259285.jpg\" \/>\n\t<meta property=\"og:image:width\" content=\"1280\" \/>\n\t<meta property=\"og:image:height\" content=\"960\" \/>\n\t<meta property=\"og:image:type\" content=\"image\/jpeg\" \/>\n<meta name=\"twitter:card\" content=\"summary_large_image\" \/>\n<meta name=\"twitter:label1\" content=\"Est. reading time\" \/>\n\t<meta name=\"twitter:data1\" content=\"2 minutes\" \/>\n<script type=\"application\/ld+json\" class=\"yoast-schema-graph\">{\"@context\":\"https:\/\/schema.org\",\"@graph\":[{\"@type\":\"WebPage\",\"@id\":\"https:\/\/www.rupaki.eu\/our-house\/\",\"url\":\"https:\/\/www.rupaki.eu\/our-house\/\",\"name\":\"our house - pensjonat rupaki\",\"isPartOf\":{\"@id\":\"https:\/\/www.rupaki.pl\/#website\"},\"primaryImageOfPage\":{\"@id\":\"https:\/\/www.rupaki.eu\/our-house\/#primaryimage\"},\"image\":{\"@id\":\"https:\/\/www.rupaki.eu\/our-house\/#primaryimage\"},\"thumbnailUrl\":\"https:\/\/www.rupaki.pl\/wp-content\/uploads\/2015\/03\/PB259285.jpg\",\"datePublished\":\"2015-03-22T09:16:07+00:00\",\"dateModified\":\"2015-10-05T11:32:21+00:00\",\"breadcrumb\":{\"@id\":\"https:\/\/www.rupaki.eu\/our-house\/#breadcrumb\"},\"inLanguage\":\"en-US\",\"potentialAction\":[{\"@type\":\"ReadAction\",\"target\":[\"https:\/\/www.rupaki.eu\/our-house\/\"]}]},{\"@type\":\"ImageObject\",\"inLanguage\":\"en-US\",\"@id\":\"https:\/\/www.rupaki.eu\/our-house\/#primaryimage\",\"url\":\"https:\/\/www.rupaki.pl\/wp-content\/uploads\/2015\/03\/PB259285.jpg\",\"contentUrl\":\"https:\/\/www.rupaki.pl\/wp-content\/uploads\/2015\/03\/PB259285.jpg\",\"width\":1280,\"height\":960},{\"@type\":\"BreadcrumbList\",\"@id\":\"https:\/\/www.rupaki.eu\/our-house\/#breadcrumb\",\"itemListElement\":[{\"@type\":\"ListItem\",\"position\":1,\"name\":\"Strona g\u0142\u00f3wna\",\"item\":\"https:\/\/www.rupaki.pl\/en\/\"},{\"@type\":\"ListItem\",\"position\":2,\"name\":\"our house\"}]},{\"@type\":\"WebSite\",\"@id\":\"https:\/\/www.rupaki.pl\/#website\",\"url\":\"https:\/\/www.rupaki.pl\/\",\"name\":\"pensjonat rupaki\",\"description\":\"Aktywny wypoczynek w Sudetach.\",\"potentialAction\":[{\"@type\":\"SearchAction\",\"target\":{\"@type\":\"EntryPoint\",\"urlTemplate\":\"https:\/\/www.rupaki.pl\/?s={search_term_string}\"},\"query-input\":\"required name=search_term_string\"}],\"inLanguage\":\"en-US\"}]}<\/script>\n<!-- \/ Yoast SEO plugin. -->","yoast_head_json":{"title":"our house - pensjonat rupaki","robots":{"index":"index","follow":"follow","max-snippet":"max-snippet:-1","max-image-preview":"max-image-preview:large","max-video-preview":"max-video-preview:-1"},"canonical":"https:\/\/www.rupaki.eu\/our-house\/","og_locale":"en_US","og_type":"article","og_title":"our house - pensjonat rupaki","og_description":"Dom mia\u0142 ponad 200 lat i w\u0142a\u015bnie na taki wygl\u0105da\u0142. Nie zakochali\u015bmy si\u0119 w nim od razu ale zachwyci\u0142y detale piaskowcowe portale i kolumny, modrzewiowe stropy, fragmenty szachulca wystaj\u0105ce tu i \u00f3wdzie spod tynku. Potem by\u0142 wielki, pierwszy od wojny remont, w trakcie kt\u00f3rego wszystkiego musieli\u015bmy nauczy\u0107 si\u0119 sami \u2013 gliny, drewna i kamienia. Zadbali\u015bmy [&hellip;]","og_url":"https:\/\/www.rupaki.eu\/our-house\/","og_site_name":"pensjonat rupaki","article_modified_time":"2015-10-05T11:32:21+00:00","og_image":[{"width":1280,"height":960,"url":"https:\/\/www.rupaki.eu\/wp-content\/uploads\/2015\/03\/PB259285.jpg","type":"image\/jpeg"}],"twitter_card":"summary_large_image","twitter_misc":{"Est. reading time":"2 minutes"},"schema":{"@context":"https:\/\/schema.org","@graph":[{"@type":"WebPage","@id":"https:\/\/www.rupaki.eu\/our-house\/","url":"https:\/\/www.rupaki.eu\/our-house\/","name":"our house - pensjonat rupaki","isPartOf":{"@id":"https:\/\/www.rupaki.pl\/#website"},"primaryImageOfPage":{"@id":"https:\/\/www.rupaki.eu\/our-house\/#primaryimage"},"image":{"@id":"https:\/\/www.rupaki.eu\/our-house\/#primaryimage"},"thumbnailUrl":"https:\/\/www.rupaki.pl\/wp-content\/uploads\/2015\/03\/PB259285.jpg","datePublished":"2015-03-22T09:16:07+00:00","dateModified":"2015-10-05T11:32:21+00:00","breadcrumb":{"@id":"https:\/\/www.rupaki.eu\/our-house\/#breadcrumb"},"inLanguage":"en-US","potentialAction":[{"@type":"ReadAction","target":["https:\/\/www.rupaki.eu\/our-house\/"]}]},{"@type":"ImageObject","inLanguage":"en-US","@id":"https:\/\/www.rupaki.eu\/our-house\/#primaryimage","url":"https:\/\/www.rupaki.pl\/wp-content\/uploads\/2015\/03\/PB259285.jpg","contentUrl":"https:\/\/www.rupaki.pl\/wp-content\/uploads\/2015\/03\/PB259285.jpg","width":1280,"height":960},{"@type":"BreadcrumbList","@id":"https:\/\/www.rupaki.eu\/our-house\/#breadcrumb","itemListElement":[{"@type":"ListItem","position":1,"name":"Strona g\u0142\u00f3wna","item":"https:\/\/www.rupaki.pl\/en\/"},{"@type":"ListItem","position":2,"name":"our house"}]},{"@type":"WebSite","@id":"https:\/\/www.rupaki.pl\/#website","url":"https:\/\/www.rupaki.pl\/","name":"pensjonat rupaki","description":"Aktywny wypoczynek w Sudetach.","potentialAction":[{"@type":"SearchAction","target":{"@type":"EntryPoint","urlTemplate":"https:\/\/www.rupaki.pl\/?s={search_term_string}"},"query-input":"required name=search_term_string"}],"inLanguage":"en-US"}]}},"_links":{"self":[{"href":"https:\/\/www.rupaki.pl\/en\/wp-json\/wp\/v2\/pages\/1407"}],"collection":[{"href":"https:\/\/www.rupaki.pl\/en\/wp-json\/wp\/v2\/pages"}],"about":[{"href":"https:\/\/www.rupaki.pl\/en\/wp-json\/wp\/v2\/types\/page"}],"author":[{"embeddable":true,"href":"https:\/\/www.rupaki.pl\/en\/wp-json\/wp\/v2\/users\/2"}],"replies":[{"embeddable":true,"href":"https:\/\/www.rupaki.pl\/en\/wp-json\/wp\/v2\/comments?post=1407"}],"version-history":[{"count":4,"href":"https:\/\/www.rupaki.pl\/en\/wp-json\/wp\/v2\/pages\/1407\/revisions"}],"predecessor-version":[{"id":1613,"href":"https:\/\/www.rupaki.pl\/en\/wp-json\/wp\/v2\/pages\/1407\/revisions\/1613"}],"wp:featuredmedia":[{"embeddable":true,"href":"https:\/\/www.rupaki.pl\/en\/wp-json\/wp\/v2\/media\/979"}],"wp:attachment":[{"href":"https:\/\/www.rupaki.pl\/en\/wp-json\/wp\/v2\/media?parent=1407"}],"curies":[{"name":"wp","href":"https:\/\/api.w.org\/{rel}","templated":true}]}}