{"id":164,"date":"2015-03-22T10:16:07","date_gmt":"2015-03-22T09:16:07","guid":{"rendered":"http:\/\/rupaki.ibex.pl\/?page_id=164"},"modified":"2015-10-05T13:32:37","modified_gmt":"2015-10-05T11:32:37","slug":"unsere-hause","status":"publish","type":"page","link":"https:\/\/www.rupaki.pl\/de\/unsere-hause\/","title":{"rendered":"unsere hause"},"content":{"rendered":"<p>Wir haben Warschau gegen Kondrat\u00f3w (Konradswaldau) eingetauscht. Mit Ausdauer haben wir \u00fcber l\u00e4ngere Zeit den f\u00fcr uns geeigneten Platz gesucht. Bei der Fahrt durch die D\u00f6rfer im Pog\u00f3rze Kaczawskim (Bober-Katzbach-Gebirge) haben wir schlie\u00dflich unser zuk\u00fcnftiges Haus ersp\u00e4ht.Bei einem dieser Ausfl\u00fcge fuhren wir, angezogen von einem Fachwerkhaus (gegenw\u00e4rtig ist es eine Ruine) einen Hang hinauf, um es genauer anzuschauen. Leider haben wir uns festgefahren \u2013 es begann zu regnen und die D\u00e4mmerung brach herein. Zu Hilfe kam uns da uns derzeitiger Nachbar. Inzwischen sind zwei Jahre vergangen, heute leben wir nicht weit von dem Haus, das uns damals in seinen Bann gezogen hat.<\/p>\n<div id='gallery-1' class='gallery galleryid-164 gallery-columns-2 gallery-size-medium'><figure class='gallery-item'>\n\t\t\t<div class='gallery-icon landscape'>\n\t\t\t\t<a href='https:\/\/www.rupaki.pl\/wp-content\/uploads\/2015\/03\/P1000175.jpg'><img loading=\"lazy\" decoding=\"async\" width=\"600\" height=\"450\" src=\"https:\/\/www.rupaki.pl\/wp-content\/uploads\/2015\/03\/P1000175-600x450.jpg\" class=\"attachment-medium size-medium\" alt=\"\" aria-describedby=\"gallery-1-972\" srcset=\"https:\/\/www.rupaki.pl\/wp-content\/uploads\/2015\/03\/P1000175-600x450.jpg 600w, https:\/\/www.rupaki.pl\/wp-content\/uploads\/2015\/03\/P1000175-400x300.jpg 400w, https:\/\/www.rupaki.pl\/wp-content\/uploads\/2015\/03\/P1000175.jpg 1200w\" sizes=\"(max-width: 600px) 100vw, 600px\" \/><\/a>\n\t\t\t<\/div>\n\t\t\t\t<figcaption class='wp-caption-text gallery-caption' id='gallery-1-972'>\n\t\t\t\tdom przed zakupem\n\t\t\t\t<\/figcaption><\/figure><figure class='gallery-item'>\n\t\t\t<div class='gallery-icon landscape'>\n\t\t\t\t<a href='https:\/\/www.rupaki.pl\/wp-content\/uploads\/2015\/03\/PB259288.jpg'><img loading=\"lazy\" decoding=\"async\" width=\"600\" height=\"450\" src=\"https:\/\/www.rupaki.pl\/wp-content\/uploads\/2015\/03\/PB259288-600x450.jpg\" class=\"attachment-medium size-medium\" alt=\"\" aria-describedby=\"gallery-1-978\" srcset=\"https:\/\/www.rupaki.pl\/wp-content\/uploads\/2015\/03\/PB259288-600x450.jpg 600w, https:\/\/www.rupaki.pl\/wp-content\/uploads\/2015\/03\/PB259288-400x300.jpg 400w, https:\/\/www.rupaki.pl\/wp-content\/uploads\/2015\/03\/PB259288.jpg 1280w\" sizes=\"(max-width: 600px) 100vw, 600px\" \/><\/a>\n\t\t\t<\/div>\n\t\t\t\t<figcaption class='wp-caption-text gallery-caption' id='gallery-1-978'>\n\t\t\t\ttak Rupaki wygl\u0105daj\u0105 teraz\n\t\t\t\t<\/figcaption><\/figure>\n\t\t<\/div>\n\n<p>&nbsp;<\/p>\n<div id='gallery-2' class='gallery galleryid-164 gallery-columns-2 gallery-size-large'><figure class='gallery-item'>\n\t\t\t<div class='gallery-icon landscape'>\n\t\t\t\t<a href='https:\/\/www.rupaki.pl\/wp-content\/uploads\/2015\/03\/dom_i.jpg'><img loading=\"lazy\" decoding=\"async\" width=\"854\" height=\"672\" src=\"https:\/\/www.rupaki.pl\/wp-content\/uploads\/2015\/03\/dom_i.jpg\" class=\"attachment-large size-large\" alt=\"\" srcset=\"https:\/\/www.rupaki.pl\/wp-content\/uploads\/2015\/03\/dom_i.jpg 854w, https:\/\/www.rupaki.pl\/wp-content\/uploads\/2015\/03\/dom_i-600x472.jpg 600w\" sizes=\"(max-width: 854px) 100vw, 854px\" \/><\/a>\n\t\t\t<\/div><\/figure><figure class='gallery-item'>\n\t\t\t<div class='gallery-icon landscape'>\n\t\t\t\t<a href='https:\/\/www.rupaki.pl\/wp-content\/uploads\/2015\/03\/P71937561.jpg'><img loading=\"lazy\" decoding=\"async\" width=\"1024\" height=\"768\" src=\"https:\/\/www.rupaki.pl\/wp-content\/uploads\/2015\/03\/P71937561.jpg\" class=\"attachment-large size-large\" alt=\"\" srcset=\"https:\/\/www.rupaki.pl\/wp-content\/uploads\/2015\/03\/P71937561.jpg 1280w, https:\/\/www.rupaki.pl\/wp-content\/uploads\/2015\/03\/P71937561-600x450.jpg 600w, https:\/\/www.rupaki.pl\/wp-content\/uploads\/2015\/03\/P71937561-400x300.jpg 400w\" sizes=\"(max-width: 1024px) 100vw, 1024px\" \/><\/a>\n\t\t\t<\/div><\/figure><figure class='gallery-item'>\n\t\t\t<div class='gallery-icon landscape'>\n\t\t\t\t<a href='https:\/\/www.rupaki.pl\/wp-content\/uploads\/2015\/03\/P71836531.jpg'><img loading=\"lazy\" decoding=\"async\" width=\"1024\" height=\"768\" src=\"https:\/\/www.rupaki.pl\/wp-content\/uploads\/2015\/03\/P71836531.jpg\" class=\"attachment-large size-large\" alt=\"\" srcset=\"https:\/\/www.rupaki.pl\/wp-content\/uploads\/2015\/03\/P71836531.jpg 1280w, https:\/\/www.rupaki.pl\/wp-content\/uploads\/2015\/03\/P71836531-600x450.jpg 600w, https:\/\/www.rupaki.pl\/wp-content\/uploads\/2015\/03\/P71836531-400x300.jpg 400w\" sizes=\"(max-width: 1024px) 100vw, 1024px\" \/><\/a>\n\t\t\t<\/div><\/figure><figure class='gallery-item'>\n\t\t\t<div class='gallery-icon landscape'>\n\t\t\t\t<a href='https:\/\/www.rupaki.pl\/wp-content\/uploads\/2015\/03\/P6253077.jpg'><img loading=\"lazy\" decoding=\"async\" width=\"1024\" height=\"768\" src=\"https:\/\/www.rupaki.pl\/wp-content\/uploads\/2015\/03\/P6253077.jpg\" class=\"attachment-large size-large\" alt=\"\" srcset=\"https:\/\/www.rupaki.pl\/wp-content\/uploads\/2015\/03\/P6253077.jpg 1280w, https:\/\/www.rupaki.pl\/wp-content\/uploads\/2015\/03\/P6253077-600x450.jpg 600w, https:\/\/www.rupaki.pl\/wp-content\/uploads\/2015\/03\/P6253077-400x300.jpg 400w\" sizes=\"(max-width: 1024px) 100vw, 1024px\" \/><\/a>\n\t\t\t<\/div><\/figure><figure class='gallery-item'>\n\t\t\t<div class='gallery-icon portrait'>\n\t\t\t\t<a href='https:\/\/www.rupaki.pl\/wp-content\/uploads\/2015\/03\/PB2592891-e1441831693893.jpg'><img loading=\"lazy\" decoding=\"async\" width=\"768\" height=\"1024\" src=\"https:\/\/www.rupaki.pl\/wp-content\/uploads\/2015\/03\/PB2592891-e1441831693893.jpg\" class=\"attachment-large size-large\" alt=\"\" srcset=\"https:\/\/www.rupaki.pl\/wp-content\/uploads\/2015\/03\/PB2592891-e1441831693893.jpg 960w, https:\/\/www.rupaki.pl\/wp-content\/uploads\/2015\/03\/PB2592891-e1441831693893-450x600.jpg 450w\" sizes=\"(max-width: 768px) 100vw, 768px\" \/><\/a>\n\t\t\t<\/div><\/figure><figure class='gallery-item'>\n\t\t\t<div class='gallery-icon portrait'>\n\t\t\t\t<a href='https:\/\/www.rupaki.pl\/wp-content\/uploads\/2015\/03\/P5102193-e1441831725506.jpg'><img loading=\"lazy\" decoding=\"async\" width=\"768\" height=\"1024\" src=\"https:\/\/www.rupaki.pl\/wp-content\/uploads\/2015\/03\/P5102193-e1441831725506.jpg\" class=\"attachment-large size-large\" alt=\"\" srcset=\"https:\/\/www.rupaki.pl\/wp-content\/uploads\/2015\/03\/P5102193-e1441831725506.jpg 960w, https:\/\/www.rupaki.pl\/wp-content\/uploads\/2015\/03\/P5102193-e1441831725506-450x600.jpg 450w\" sizes=\"(max-width: 768px) 100vw, 768px\" \/><\/a>\n\t\t\t<\/div><\/figure>\n\t\t<\/div>\n\n","protected":false},"excerpt":{"rendered":"<p>Wir haben Warschau gegen Kondrat\u00f3w (Konradswaldau) eingetauscht. Mit Ausdauer haben wir \u00fcber l\u00e4ngere Zeit den f\u00fcr uns geeigneten Platz gesucht. Bei der Fahrt durch die D\u00f6rfer im Pog\u00f3rze Kaczawskim (Bober-Katzbach-Gebirge) haben wir schlie\u00dflich unser zuk\u00fcnftiges Haus ersp\u00e4ht.Bei einem dieser Ausfl\u00fcge fuhren wir, angezogen von einem Fachwerkhaus (gegenw\u00e4rtig ist es eine Ruine) einen Hang hinauf, um [&hellip;]<\/p>\n","protected":false},"author":2,"featured_media":329,"parent":0,"menu_order":0,"comment_status":"open","ping_status":"closed","template":"","meta":{"footnotes":""},"class_list":["post-164","page","type-page","status-publish","has-post-thumbnail","hentry"],"yoast_head":"<!-- This site is optimized with the Yoast SEO plugin v23.3 - https:\/\/yoast.com\/wordpress\/plugins\/seo\/ -->\n<title>unsere hause - pensjonat rupaki<\/title>\n<meta name=\"robots\" content=\"index, follow, max-snippet:-1, max-image-preview:large, max-video-preview:-1\" \/>\n<link rel=\"canonical\" href=\"https:\/\/www.rupaki.de\/unsere-hause\/\" \/>\n<meta property=\"og:locale\" content=\"de_DE\" \/>\n<meta property=\"og:type\" content=\"article\" \/>\n<meta property=\"og:title\" content=\"unsere hause - pensjonat rupaki\" \/>\n<meta property=\"og:description\" content=\"Wir haben Warschau gegen Kondrat\u00f3w (Konradswaldau) eingetauscht. Mit Ausdauer haben wir \u00fcber l\u00e4ngere Zeit den f\u00fcr uns geeigneten Platz gesucht. Bei der Fahrt durch die D\u00f6rfer im Pog\u00f3rze Kaczawskim (Bober-Katzbach-Gebirge) haben wir schlie\u00dflich unser zuk\u00fcnftiges Haus ersp\u00e4ht.Bei einem dieser Ausfl\u00fcge fuhren wir, angezogen von einem Fachwerkhaus (gegenw\u00e4rtig ist es eine Ruine) einen Hang hinauf, um [&hellip;]\" \/>\n<meta property=\"og:url\" content=\"https:\/\/www.rupaki.de\/unsere-hause\/\" \/>\n<meta property=\"og:site_name\" content=\"pensjonat rupaki\" \/>\n<meta property=\"article:modified_time\" content=\"2015-10-05T11:32:37+00:00\" \/>\n<meta property=\"og:image\" content=\"https:\/\/www.rupaki.de\/wp-content\/uploads\/2015\/03\/PB259285.jpg\" \/>\n\t<meta property=\"og:image:width\" content=\"1280\" \/>\n\t<meta property=\"og:image:height\" content=\"960\" \/>\n\t<meta property=\"og:image:type\" content=\"image\/jpeg\" \/>\n<meta name=\"twitter:card\" content=\"summary_large_image\" \/>\n<meta name=\"twitter:label1\" content=\"Gesch\u00e4tzte Lesezeit\" \/>\n\t<meta name=\"twitter:data1\" content=\"1\u00a0Minute\" \/>\n<script type=\"application\/ld+json\" class=\"yoast-schema-graph\">{\"@context\":\"https:\/\/schema.org\",\"@graph\":[{\"@type\":\"WebPage\",\"@id\":\"https:\/\/www.rupaki.de\/unsere-hause\/\",\"url\":\"https:\/\/www.rupaki.de\/unsere-hause\/\",\"name\":\"unsere hause - pensjonat rupaki\",\"isPartOf\":{\"@id\":\"https:\/\/www.rupaki.pl\/#website\"},\"primaryImageOfPage\":{\"@id\":\"https:\/\/www.rupaki.de\/unsere-hause\/#primaryimage\"},\"image\":{\"@id\":\"https:\/\/www.rupaki.de\/unsere-hause\/#primaryimage\"},\"thumbnailUrl\":\"https:\/\/www.rupaki.pl\/wp-content\/uploads\/2015\/03\/PB259285.jpg\",\"datePublished\":\"2015-03-22T09:16:07+00:00\",\"dateModified\":\"2015-10-05T11:32:37+00:00\",\"breadcrumb\":{\"@id\":\"https:\/\/www.rupaki.de\/unsere-hause\/#breadcrumb\"},\"inLanguage\":\"de\",\"potentialAction\":[{\"@type\":\"ReadAction\",\"target\":[\"https:\/\/www.rupaki.de\/unsere-hause\/\"]}]},{\"@type\":\"ImageObject\",\"inLanguage\":\"de\",\"@id\":\"https:\/\/www.rupaki.de\/unsere-hause\/#primaryimage\",\"url\":\"https:\/\/www.rupaki.pl\/wp-content\/uploads\/2015\/03\/PB259285.jpg\",\"contentUrl\":\"https:\/\/www.rupaki.pl\/wp-content\/uploads\/2015\/03\/PB259285.jpg\",\"width\":1280,\"height\":960,\"caption\":\"pensjonat na Dolnym \u015al\u0105sku\"},{\"@type\":\"BreadcrumbList\",\"@id\":\"https:\/\/www.rupaki.de\/unsere-hause\/#breadcrumb\",\"itemListElement\":[{\"@type\":\"ListItem\",\"position\":1,\"name\":\"Strona g\u0142\u00f3wna\",\"item\":\"https:\/\/www.rupaki.de\/\"},{\"@type\":\"ListItem\",\"position\":2,\"name\":\"unsere hause\"}]},{\"@type\":\"WebSite\",\"@id\":\"https:\/\/www.rupaki.pl\/#website\",\"url\":\"https:\/\/www.rupaki.pl\/\",\"name\":\"pensjonat rupaki\",\"description\":\"Aktywny wypoczynek w Sudetach.\",\"potentialAction\":[{\"@type\":\"SearchAction\",\"target\":{\"@type\":\"EntryPoint\",\"urlTemplate\":\"https:\/\/www.rupaki.pl\/?s={search_term_string}\"},\"query-input\":\"required name=search_term_string\"}],\"inLanguage\":\"de\"}]}<\/script>\n<!-- \/ Yoast SEO plugin. -->","yoast_head_json":{"title":"unsere hause - pensjonat rupaki","robots":{"index":"index","follow":"follow","max-snippet":"max-snippet:-1","max-image-preview":"max-image-preview:large","max-video-preview":"max-video-preview:-1"},"canonical":"https:\/\/www.rupaki.de\/unsere-hause\/","og_locale":"de_DE","og_type":"article","og_title":"unsere hause - pensjonat rupaki","og_description":"Wir haben Warschau gegen Kondrat\u00f3w (Konradswaldau) eingetauscht. Mit Ausdauer haben wir \u00fcber l\u00e4ngere Zeit den f\u00fcr uns geeigneten Platz gesucht. Bei der Fahrt durch die D\u00f6rfer im Pog\u00f3rze Kaczawskim (Bober-Katzbach-Gebirge) haben wir schlie\u00dflich unser zuk\u00fcnftiges Haus ersp\u00e4ht.Bei einem dieser Ausfl\u00fcge fuhren wir, angezogen von einem Fachwerkhaus (gegenw\u00e4rtig ist es eine Ruine) einen Hang hinauf, um [&hellip;]","og_url":"https:\/\/www.rupaki.de\/unsere-hause\/","og_site_name":"pensjonat rupaki","article_modified_time":"2015-10-05T11:32:37+00:00","og_image":[{"width":1280,"height":960,"url":"https:\/\/www.rupaki.de\/wp-content\/uploads\/2015\/03\/PB259285.jpg","type":"image\/jpeg"}],"twitter_card":"summary_large_image","twitter_misc":{"Gesch\u00e4tzte Lesezeit":"1\u00a0Minute"},"schema":{"@context":"https:\/\/schema.org","@graph":[{"@type":"WebPage","@id":"https:\/\/www.rupaki.de\/unsere-hause\/","url":"https:\/\/www.rupaki.de\/unsere-hause\/","name":"unsere hause - pensjonat rupaki","isPartOf":{"@id":"https:\/\/www.rupaki.pl\/#website"},"primaryImageOfPage":{"@id":"https:\/\/www.rupaki.de\/unsere-hause\/#primaryimage"},"image":{"@id":"https:\/\/www.rupaki.de\/unsere-hause\/#primaryimage"},"thumbnailUrl":"https:\/\/www.rupaki.pl\/wp-content\/uploads\/2015\/03\/PB259285.jpg","datePublished":"2015-03-22T09:16:07+00:00","dateModified":"2015-10-05T11:32:37+00:00","breadcrumb":{"@id":"https:\/\/www.rupaki.de\/unsere-hause\/#breadcrumb"},"inLanguage":"de","potentialAction":[{"@type":"ReadAction","target":["https:\/\/www.rupaki.de\/unsere-hause\/"]}]},{"@type":"ImageObject","inLanguage":"de","@id":"https:\/\/www.rupaki.de\/unsere-hause\/#primaryimage","url":"https:\/\/www.rupaki.pl\/wp-content\/uploads\/2015\/03\/PB259285.jpg","contentUrl":"https:\/\/www.rupaki.pl\/wp-content\/uploads\/2015\/03\/PB259285.jpg","width":1280,"height":960,"caption":"pensjonat na Dolnym \u015al\u0105sku"},{"@type":"BreadcrumbList","@id":"https:\/\/www.rupaki.de\/unsere-hause\/#breadcrumb","itemListElement":[{"@type":"ListItem","position":1,"name":"Strona g\u0142\u00f3wna","item":"https:\/\/www.rupaki.de\/"},{"@type":"ListItem","position":2,"name":"unsere hause"}]},{"@type":"WebSite","@id":"https:\/\/www.rupaki.pl\/#website","url":"https:\/\/www.rupaki.pl\/","name":"pensjonat rupaki","description":"Aktywny wypoczynek w Sudetach.","potentialAction":[{"@type":"SearchAction","target":{"@type":"EntryPoint","urlTemplate":"https:\/\/www.rupaki.pl\/?s={search_term_string}"},"query-input":"required name=search_term_string"}],"inLanguage":"de"}]}},"_links":{"self":[{"href":"https:\/\/www.rupaki.pl\/de\/wp-json\/wp\/v2\/pages\/164"}],"collection":[{"href":"https:\/\/www.rupaki.pl\/de\/wp-json\/wp\/v2\/pages"}],"about":[{"href":"https:\/\/www.rupaki.pl\/de\/wp-json\/wp\/v2\/types\/page"}],"author":[{"embeddable":true,"href":"https:\/\/www.rupaki.pl\/de\/wp-json\/wp\/v2\/users\/2"}],"replies":[{"embeddable":true,"href":"https:\/\/www.rupaki.pl\/de\/wp-json\/wp\/v2\/comments?post=164"}],"version-history":[{"count":30,"href":"https:\/\/www.rupaki.pl\/de\/wp-json\/wp\/v2\/pages\/164\/revisions"}],"predecessor-version":[{"id":1579,"href":"https:\/\/www.rupaki.pl\/de\/wp-json\/wp\/v2\/pages\/164\/revisions\/1579"}],"wp:featuredmedia":[{"embeddable":true,"href":"https:\/\/www.rupaki.pl\/de\/wp-json\/wp\/v2\/media\/329"}],"wp:attachment":[{"href":"https:\/\/www.rupaki.pl\/de\/wp-json\/wp\/v2\/media?parent=164"}],"curies":[{"name":"wp","href":"https:\/\/api.w.org\/{rel}","templated":true}]}}