{"id":1406,"date":"2015-03-10T11:49:07","date_gmt":"2015-03-10T11:49:07","guid":{"rendered":"http:\/\/rupaki.ibex.pl\/de\/kontakt\/"},"modified":"2025-09-30T20:17:40","modified_gmt":"2025-09-30T18:17:40","slug":"kontakt-rupaki-to-agroturystyka","status":"publish","type":"page","link":"https:\/\/www.rupaki.pl\/de\/kontakt-rupaki-to-agroturystyka\/","title":{"rendered":"kontakt"},"content":{"rendered":"<p><a href=\"https:\/\/maps.app.goo.gl\/V6Jjb7sZwyAMzCTY9\"><br \/>\n<iframe loading=\"lazy\" style=\"border: 0;\" src=\"https:\/\/www.google.com\/maps\/embed?pb=!1m18!1m12!1m3!1d10034.524329768488!2d15.986817563000406!3d51.04143411572298!2m3!1f0!2f0!3f0!3m2!1i1024!2i768!4f13.1!3m3!1m2!1s0x470f1bcdbe3c1577%3A0xf50fe472bd24713b!2sAgroturystyka%20Rupaki!5e0!3m2!1spl!2spl!4v1725104192616!5m2!1spl!2spl\" width=\"600\" height=\"450\" allowfullscreen=\"allowfullscreen\"><\/iframe><\/a><\/p>\n","protected":false},"excerpt":{"rendered":"","protected":false},"author":1,"featured_media":0,"parent":0,"menu_order":0,"comment_status":"open","ping_status":"open","template":"","meta":{"footnotes":""},"class_list":["post-1406","page","type-page","status-publish","hentry"],"yoast_head":"<!-- This site is optimized with the Yoast SEO plugin v23.3 - https:\/\/yoast.com\/wordpress\/plugins\/seo\/ -->\n<title>kontakt - pensjonat Rupaki. Agroturystyka na Dolnym \u015al\u0105sku.<\/title>\n<meta name=\"description\" content=\"Rupaki - agroturystyka na Dolnym \u015al\u0105sku. Wakacje na Dolnym \u015al\u0105sku. Kameralny pensjonat w Sudetach. Tajemniczy Dolny \u015al\u0105sk.\" \/>\n<meta name=\"robots\" content=\"index, follow, max-snippet:-1, max-image-preview:large, max-video-preview:-1\" \/>\n<link rel=\"canonical\" href=\"https:\/\/www.rupaki.de\/kontakt-rupaki-to-agroturystyka\/\" \/>\n<meta property=\"og:locale\" content=\"de_DE\" \/>\n<meta property=\"og:type\" content=\"article\" \/>\n<meta property=\"og:title\" content=\"kontakt - pensjonat Rupaki. Agroturystyka na Dolnym \u015al\u0105sku.\" \/>\n<meta property=\"og:description\" content=\"Rupaki - agroturystyka na Dolnym \u015al\u0105sku. Wakacje na Dolnym \u015al\u0105sku. Kameralny pensjonat w Sudetach. Tajemniczy Dolny \u015al\u0105sk.\" \/>\n<meta property=\"og:url\" content=\"https:\/\/www.rupaki.de\/kontakt-rupaki-to-agroturystyka\/\" \/>\n<meta property=\"og:site_name\" content=\"pensjonat rupaki\" \/>\n<meta property=\"article:modified_time\" content=\"2025-09-30T18:17:40+00:00\" \/>\n<meta name=\"twitter:card\" content=\"summary_large_image\" \/>\n<script type=\"application\/ld+json\" class=\"yoast-schema-graph\">{\"@context\":\"https:\/\/schema.org\",\"@graph\":[{\"@type\":\"WebPage\",\"@id\":\"https:\/\/www.rupaki.de\/kontakt-rupaki-to-agroturystyka\/\",\"url\":\"https:\/\/www.rupaki.de\/kontakt-rupaki-to-agroturystyka\/\",\"name\":\"kontakt - pensjonat Rupaki. Agroturystyka na Dolnym \u015al\u0105sku.\",\"isPartOf\":{\"@id\":\"https:\/\/www.rupaki.pl\/#website\"},\"datePublished\":\"2015-03-10T11:49:07+00:00\",\"dateModified\":\"2025-09-30T18:17:40+00:00\",\"description\":\"Rupaki - agroturystyka na Dolnym \u015al\u0105sku. Wakacje na Dolnym \u015al\u0105sku. Kameralny pensjonat w Sudetach. Tajemniczy Dolny \u015al\u0105sk.\",\"breadcrumb\":{\"@id\":\"https:\/\/www.rupaki.de\/kontakt-rupaki-to-agroturystyka\/#breadcrumb\"},\"inLanguage\":\"de\",\"potentialAction\":[{\"@type\":\"ReadAction\",\"target\":[\"https:\/\/www.rupaki.de\/kontakt-rupaki-to-agroturystyka\/\"]}]},{\"@type\":\"BreadcrumbList\",\"@id\":\"https:\/\/www.rupaki.de\/kontakt-rupaki-to-agroturystyka\/#breadcrumb\",\"itemListElement\":[{\"@type\":\"ListItem\",\"position\":1,\"name\":\"Strona g\u0142\u00f3wna\",\"item\":\"https:\/\/www.rupaki.de\/\"},{\"@type\":\"ListItem\",\"position\":2,\"name\":\"kontakt\"}]},{\"@type\":\"WebSite\",\"@id\":\"https:\/\/www.rupaki.pl\/#website\",\"url\":\"https:\/\/www.rupaki.pl\/\",\"name\":\"pensjonat rupaki\",\"description\":\"Aktywny wypoczynek w Sudetach.\",\"potentialAction\":[{\"@type\":\"SearchAction\",\"target\":{\"@type\":\"EntryPoint\",\"urlTemplate\":\"https:\/\/www.rupaki.pl\/?s={search_term_string}\"},\"query-input\":\"required name=search_term_string\"}],\"inLanguage\":\"de\"}]}<\/script>\n<!-- \/ Yoast SEO plugin. -->","yoast_head_json":{"title":"kontakt - pensjonat Rupaki. Agroturystyka na Dolnym \u015al\u0105sku.","description":"Rupaki - agroturystyka na Dolnym \u015al\u0105sku. Wakacje na Dolnym \u015al\u0105sku. Kameralny pensjonat w Sudetach. Tajemniczy Dolny \u015al\u0105sk.","robots":{"index":"index","follow":"follow","max-snippet":"max-snippet:-1","max-image-preview":"max-image-preview:large","max-video-preview":"max-video-preview:-1"},"canonical":"https:\/\/www.rupaki.de\/kontakt-rupaki-to-agroturystyka\/","og_locale":"de_DE","og_type":"article","og_title":"kontakt - pensjonat Rupaki. Agroturystyka na Dolnym \u015al\u0105sku.","og_description":"Rupaki - agroturystyka na Dolnym \u015al\u0105sku. Wakacje na Dolnym \u015al\u0105sku. Kameralny pensjonat w Sudetach. Tajemniczy Dolny \u015al\u0105sk.","og_url":"https:\/\/www.rupaki.de\/kontakt-rupaki-to-agroturystyka\/","og_site_name":"pensjonat rupaki","article_modified_time":"2025-09-30T18:17:40+00:00","twitter_card":"summary_large_image","schema":{"@context":"https:\/\/schema.org","@graph":[{"@type":"WebPage","@id":"https:\/\/www.rupaki.de\/kontakt-rupaki-to-agroturystyka\/","url":"https:\/\/www.rupaki.de\/kontakt-rupaki-to-agroturystyka\/","name":"kontakt - pensjonat Rupaki. Agroturystyka na Dolnym \u015al\u0105sku.","isPartOf":{"@id":"https:\/\/www.rupaki.pl\/#website"},"datePublished":"2015-03-10T11:49:07+00:00","dateModified":"2025-09-30T18:17:40+00:00","description":"Rupaki - agroturystyka na Dolnym \u015al\u0105sku. Wakacje na Dolnym \u015al\u0105sku. Kameralny pensjonat w Sudetach. Tajemniczy Dolny \u015al\u0105sk.","breadcrumb":{"@id":"https:\/\/www.rupaki.de\/kontakt-rupaki-to-agroturystyka\/#breadcrumb"},"inLanguage":"de","potentialAction":[{"@type":"ReadAction","target":["https:\/\/www.rupaki.de\/kontakt-rupaki-to-agroturystyka\/"]}]},{"@type":"BreadcrumbList","@id":"https:\/\/www.rupaki.de\/kontakt-rupaki-to-agroturystyka\/#breadcrumb","itemListElement":[{"@type":"ListItem","position":1,"name":"Strona g\u0142\u00f3wna","item":"https:\/\/www.rupaki.de\/"},{"@type":"ListItem","position":2,"name":"kontakt"}]},{"@type":"WebSite","@id":"https:\/\/www.rupaki.pl\/#website","url":"https:\/\/www.rupaki.pl\/","name":"pensjonat rupaki","description":"Aktywny wypoczynek w Sudetach.","potentialAction":[{"@type":"SearchAction","target":{"@type":"EntryPoint","urlTemplate":"https:\/\/www.rupaki.pl\/?s={search_term_string}"},"query-input":"required name=search_term_string"}],"inLanguage":"de"}]}},"_links":{"self":[{"href":"https:\/\/www.rupaki.pl\/de\/wp-json\/wp\/v2\/pages\/1406"}],"collection":[{"href":"https:\/\/www.rupaki.pl\/de\/wp-json\/wp\/v2\/pages"}],"about":[{"href":"https:\/\/www.rupaki.pl\/de\/wp-json\/wp\/v2\/types\/page"}],"author":[{"embeddable":true,"href":"https:\/\/www.rupaki.pl\/de\/wp-json\/wp\/v2\/users\/1"}],"replies":[{"embeddable":true,"href":"https:\/\/www.rupaki.pl\/de\/wp-json\/wp\/v2\/comments?post=1406"}],"version-history":[{"count":9,"href":"https:\/\/www.rupaki.pl\/de\/wp-json\/wp\/v2\/pages\/1406\/revisions"}],"predecessor-version":[{"id":2764,"href":"https:\/\/www.rupaki.pl\/de\/wp-json\/wp\/v2\/pages\/1406\/revisions\/2764"}],"wp:attachment":[{"href":"https:\/\/www.rupaki.pl\/de\/wp-json\/wp\/v2\/media?parent=1406"}],"curies":[{"name":"wp","href":"https:\/\/api.w.org\/{rel}","templated":true}]}}