{"id":10,"date":"2015-03-10T11:48:18","date_gmt":"2015-03-10T11:48:18","guid":{"rendered":"http:\/\/rupaki.ibex.pl\/?page_id=10"},"modified":"2015-10-06T01:12:02","modified_gmt":"2015-10-05T23:12:02","slug":"zimmer","status":"publish","type":"page","link":"https:\/\/www.rupaki.pl\/de\/zimmer\/","title":{"rendered":"zimmer"},"content":{"rendered":"<p>Wir bieten Ihnen einen Aufenthalt in einer gem\u00fctlichen Pension. Diese verf\u00fcgt \u00fcber vier Zimmer, die sowohl Raum f\u00fcr einsame Wanderer, als auch f\u00fcr Ausflugsgruppen bietetn in einem Zimmer k\u00f6nnen bequem bis zu vier Personen \u00fcbernachten. Jedes der Zimmer verf\u00fcgt \u00fcber ein separates Badezimmer mit Dusche und WC. Im ganzen Haus gibt es Internetzugang \u00fcber WiFi. Eine K\u00fcche steht den den G\u00e4sten nicht zur Verf\u00fcgung, daf\u00fcr bieten wir Fr\u00fchst\u00fcck und ein warmes Abendessen an.<\/p>\n<p>Gerne erz\u00e4hlen wir unseren G\u00e4sten von der n\u00e4heren und weiteren Umgebung, von Besonderheiten der Natur, von den Sehensw\u00fcrdigkeiten der Umgebung und von der Geschichte dieser Landschaft.- wenn unsere G\u00e4ste es w\u00fcnschen, k\u00f6nnen sie an den von uns vorbereiteten Ausfl\u00fcgen teilnehmen, zu Fu\u00df, mit dem Fahrrad oder mit dem Jeep.<\/p>\n<p>&nbsp;<\/p>\n<p>&nbsp;<\/p>\n<p>&nbsp;<\/p>\n","protected":false},"excerpt":{"rendered":"<p>Wir bieten Ihnen einen Aufenthalt in einer gem\u00fctlichen Pension. Diese verf\u00fcgt \u00fcber vier Zimmer, die sowohl Raum f\u00fcr einsame Wanderer, als auch f\u00fcr Ausflugsgruppen bietetn in einem Zimmer k\u00f6nnen bequem bis zu vier Personen \u00fcbernachten. Jedes der Zimmer verf\u00fcgt \u00fcber ein separates Badezimmer mit Dusche und WC. Im ganzen Haus gibt es Internetzugang \u00fcber WiFi. [&hellip;]<\/p>\n","protected":false},"author":1,"featured_media":0,"parent":0,"menu_order":0,"comment_status":"open","ping_status":"open","template":"","meta":{"footnotes":""},"class_list":["post-10","page","type-page","status-publish","hentry"],"yoast_head":"<!-- This site is optimized with the Yoast SEO plugin v23.3 - https:\/\/yoast.com\/wordpress\/plugins\/seo\/ -->\n<title>zimmer - pensjonat rupaki<\/title>\n<meta name=\"robots\" content=\"index, follow, max-snippet:-1, max-image-preview:large, max-video-preview:-1\" \/>\n<link rel=\"canonical\" href=\"https:\/\/www.rupaki.de\/zimmer\/\" \/>\n<meta property=\"og:locale\" content=\"de_DE\" \/>\n<meta property=\"og:type\" content=\"article\" \/>\n<meta property=\"og:title\" content=\"zimmer - pensjonat rupaki\" \/>\n<meta property=\"og:description\" content=\"Wir bieten Ihnen einen Aufenthalt in einer gem\u00fctlichen Pension. Diese verf\u00fcgt \u00fcber vier Zimmer, die sowohl Raum f\u00fcr einsame Wanderer, als auch f\u00fcr Ausflugsgruppen bietetn in einem Zimmer k\u00f6nnen bequem bis zu vier Personen \u00fcbernachten. Jedes der Zimmer verf\u00fcgt \u00fcber ein separates Badezimmer mit Dusche und WC. Im ganzen Haus gibt es Internetzugang \u00fcber WiFi. [&hellip;]\" \/>\n<meta property=\"og:url\" content=\"https:\/\/www.rupaki.de\/zimmer\/\" \/>\n<meta property=\"og:site_name\" content=\"pensjonat rupaki\" \/>\n<meta property=\"article:modified_time\" content=\"2015-10-05T23:12:02+00:00\" \/>\n<meta name=\"twitter:card\" content=\"summary_large_image\" \/>\n<meta name=\"twitter:label1\" content=\"Gesch\u00e4tzte Lesezeit\" \/>\n\t<meta name=\"twitter:data1\" content=\"1\u00a0Minute\" \/>\n<script type=\"application\/ld+json\" class=\"yoast-schema-graph\">{\"@context\":\"https:\/\/schema.org\",\"@graph\":[{\"@type\":\"WebPage\",\"@id\":\"https:\/\/www.rupaki.de\/zimmer\/\",\"url\":\"https:\/\/www.rupaki.de\/zimmer\/\",\"name\":\"zimmer - pensjonat rupaki\",\"isPartOf\":{\"@id\":\"https:\/\/www.rupaki.pl\/#website\"},\"datePublished\":\"2015-03-10T11:48:18+00:00\",\"dateModified\":\"2015-10-05T23:12:02+00:00\",\"breadcrumb\":{\"@id\":\"https:\/\/www.rupaki.de\/zimmer\/#breadcrumb\"},\"inLanguage\":\"de\",\"potentialAction\":[{\"@type\":\"ReadAction\",\"target\":[\"https:\/\/www.rupaki.de\/zimmer\/\"]}]},{\"@type\":\"BreadcrumbList\",\"@id\":\"https:\/\/www.rupaki.de\/zimmer\/#breadcrumb\",\"itemListElement\":[{\"@type\":\"ListItem\",\"position\":1,\"name\":\"Strona g\u0142\u00f3wna\",\"item\":\"https:\/\/www.rupaki.de\/\"},{\"@type\":\"ListItem\",\"position\":2,\"name\":\"zimmer\"}]},{\"@type\":\"WebSite\",\"@id\":\"https:\/\/www.rupaki.pl\/#website\",\"url\":\"https:\/\/www.rupaki.pl\/\",\"name\":\"pensjonat rupaki\",\"description\":\"Aktywny wypoczynek w Sudetach.\",\"potentialAction\":[{\"@type\":\"SearchAction\",\"target\":{\"@type\":\"EntryPoint\",\"urlTemplate\":\"https:\/\/www.rupaki.pl\/?s={search_term_string}\"},\"query-input\":\"required name=search_term_string\"}],\"inLanguage\":\"de\"}]}<\/script>\n<!-- \/ Yoast SEO plugin. -->","yoast_head_json":{"title":"zimmer - pensjonat rupaki","robots":{"index":"index","follow":"follow","max-snippet":"max-snippet:-1","max-image-preview":"max-image-preview:large","max-video-preview":"max-video-preview:-1"},"canonical":"https:\/\/www.rupaki.de\/zimmer\/","og_locale":"de_DE","og_type":"article","og_title":"zimmer - pensjonat rupaki","og_description":"Wir bieten Ihnen einen Aufenthalt in einer gem\u00fctlichen Pension. Diese verf\u00fcgt \u00fcber vier Zimmer, die sowohl Raum f\u00fcr einsame Wanderer, als auch f\u00fcr Ausflugsgruppen bietetn in einem Zimmer k\u00f6nnen bequem bis zu vier Personen \u00fcbernachten. Jedes der Zimmer verf\u00fcgt \u00fcber ein separates Badezimmer mit Dusche und WC. Im ganzen Haus gibt es Internetzugang \u00fcber WiFi. [&hellip;]","og_url":"https:\/\/www.rupaki.de\/zimmer\/","og_site_name":"pensjonat rupaki","article_modified_time":"2015-10-05T23:12:02+00:00","twitter_card":"summary_large_image","twitter_misc":{"Gesch\u00e4tzte Lesezeit":"1\u00a0Minute"},"schema":{"@context":"https:\/\/schema.org","@graph":[{"@type":"WebPage","@id":"https:\/\/www.rupaki.de\/zimmer\/","url":"https:\/\/www.rupaki.de\/zimmer\/","name":"zimmer - pensjonat rupaki","isPartOf":{"@id":"https:\/\/www.rupaki.pl\/#website"},"datePublished":"2015-03-10T11:48:18+00:00","dateModified":"2015-10-05T23:12:02+00:00","breadcrumb":{"@id":"https:\/\/www.rupaki.de\/zimmer\/#breadcrumb"},"inLanguage":"de","potentialAction":[{"@type":"ReadAction","target":["https:\/\/www.rupaki.de\/zimmer\/"]}]},{"@type":"BreadcrumbList","@id":"https:\/\/www.rupaki.de\/zimmer\/#breadcrumb","itemListElement":[{"@type":"ListItem","position":1,"name":"Strona g\u0142\u00f3wna","item":"https:\/\/www.rupaki.de\/"},{"@type":"ListItem","position":2,"name":"zimmer"}]},{"@type":"WebSite","@id":"https:\/\/www.rupaki.pl\/#website","url":"https:\/\/www.rupaki.pl\/","name":"pensjonat rupaki","description":"Aktywny wypoczynek w Sudetach.","potentialAction":[{"@type":"SearchAction","target":{"@type":"EntryPoint","urlTemplate":"https:\/\/www.rupaki.pl\/?s={search_term_string}"},"query-input":"required name=search_term_string"}],"inLanguage":"de"}]}},"_links":{"self":[{"href":"https:\/\/www.rupaki.pl\/de\/wp-json\/wp\/v2\/pages\/10"}],"collection":[{"href":"https:\/\/www.rupaki.pl\/de\/wp-json\/wp\/v2\/pages"}],"about":[{"href":"https:\/\/www.rupaki.pl\/de\/wp-json\/wp\/v2\/types\/page"}],"author":[{"embeddable":true,"href":"https:\/\/www.rupaki.pl\/de\/wp-json\/wp\/v2\/users\/1"}],"replies":[{"embeddable":true,"href":"https:\/\/www.rupaki.pl\/de\/wp-json\/wp\/v2\/comments?post=10"}],"version-history":[{"count":20,"href":"https:\/\/www.rupaki.pl\/de\/wp-json\/wp\/v2\/pages\/10\/revisions"}],"predecessor-version":[{"id":1546,"href":"https:\/\/www.rupaki.pl\/de\/wp-json\/wp\/v2\/pages\/10\/revisions\/1546"}],"wp:attachment":[{"href":"https:\/\/www.rupaki.pl\/de\/wp-json\/wp\/v2\/media?parent=10"}],"curies":[{"name":"wp","href":"https:\/\/api.w.org\/{rel}","templated":true}]}}